{"id":3344,"date":"2019-05-03T13:06:52","date_gmt":"2019-05-03T13:06:52","guid":{"rendered":"http:\/\/oasisvillage.icicom.eu\/cookie-statement\/"},"modified":"2019-05-03T13:06:52","modified_gmt":"2019-05-03T13:06:52","slug":"cookie-statement","status":"publish","type":"page","link":"https:\/\/www.oasis-village.com\/de\/cookie-statement\/","title":{"rendered":"cookie statement"},"content":{"rendered":"\t\t<div data-elementor-type=\"wp-post\" data-elementor-id=\"3344\" class=\"elementor elementor-3344 elementor-2299\" data-elementor-settings=\"[]\">\n\t\t\t\t\t\t<div class=\"elementor-inner\">\n\t\t\t\t\t\t\t<div class=\"elementor-section-wrap\">\n\t\t\t\t\t\t\t<section class=\"elementor-section elementor-top-section elementor-element elementor-element-cd7ea93 elementor-section-boxed elementor-section-height-default elementor-section-height-default\" data-id=\"cd7ea93\" data-element_type=\"section\">\n\t\t\t\t\t\t<div class=\"elementor-container elementor-column-gap-default\">\n\t\t\t\t\t\t\t<div class=\"elementor-row\">\n\t\t\t\t\t<div class=\"elementor-column elementor-col-100 elementor-top-column elementor-element elementor-element-ac75eea\" data-id=\"ac75eea\" data-element_type=\"column\">\n\t\t\t<div class=\"elementor-column-wrap elementor-element-populated\">\n\t\t\t\t\t\t\t<div class=\"elementor-widget-wrap\">\n\t\t\t\t\t\t<div class=\"elementor-element elementor-element-486aa25 elementor-widget elementor-widget-text-editor\" data-id=\"486aa25\" data-element_type=\"widget\" data-widget_type=\"text-editor.default\">\n\t\t\t\t<div class=\"elementor-widget-container\">\n\t\t\t\t\t<div class=\"elementor-text-editor elementor-clearfix\"><p>LLESEN SIE DIESE COOKIE-ERKL\u00c4RUNG BITTE AUFMERKSAM DURCH, BEVOR SIE MATERIAL, INFORMATIONEN, PRODUKTE ODER DIENSTLEISTUNGEN \u00dcBER DIE WEBSITE EINHOLEN ODER VERWENDEN. Wir behalten uns das Recht vor, diese Cookie-Erkl\u00e4rung oder die auf der Website aufgef\u00fchrten Informationen jederzeit ohne vorherige Mitteilung durch die Ver\u00f6ffentlichung der ge\u00e4nderten Erkl\u00e4rung auf der Website zu \u00e4ndern, zu aktualisieren oder zu korrigieren. Bitte \u00fcberpr\u00fcfen Sie regelm\u00e4\u00dfig diese Cookie-Erkl\u00e4rung, um sicherzustellen, dass Sie \u00fcber \u00c4nderungen informiert sind. Wesentliche \u00c4nderungen dieser Cookie-Erkl\u00e4rung werden auf der Homepage der Seite deutlich angezeigt.<br \/>\nWAS IST EIN COOKIE?<br \/>\nEin Cookie ist eine Textdatei mit kleinen Informationsmengen, die auf Ihren Computer oder Ihr Mobilger\u00e4t beim Besuch einer Website heruntergeladen wird. Ein Cookie wird bei jedem neuerlichen Besuch der Website oder einer Website, die dieses Cookie erkennt, wieder zur\u00fcck an die urspr\u00fcngliche Website gesendet. Cookies sind hilfreich, da Websites mithilfe von Cookies das Ger\u00e4t eines Benutzers erkennen k\u00f6nnen. Weitere Informationen \u00fcber Cookies finden Sie unter: www.allaboutcookies.org.<br \/>\n &#8211; WIE K\u00d6NNEN COOKIES BESCHR\u00c4NKT ODER BLOCKIERT WERDEN?<\/p>\n<p>Sie k\u00f6nnen die Einstellungen Ihres Browsers so anpassen, dass Cookies, die von der Website (oder einer anderen Website im Internet) gesetzt werden, beschr\u00e4nkt oder blockiert werden. In Ihrem Browser finden Sie wahrscheinlich Informationen \u00fcber die Anpassung Ihrer Einstellungen.<\/p>\n<p>Ansonsten k\u00f6nnen Sie die Website www.allaboutcookies.org besuchen, um umfassende allgemeine Informationen \u00fcber Cookies und die Anpassung der Cookie-Einstellungen in den verschiedenen Browsern zu erhalten. Auf dieser Website wird auch erkl\u00e4rt, wie Sie Cookies von Ihrem Computer l\u00f6schen k\u00f6nnen. Unter www.youronlinechoices.eu finden Sie auch eine Opt-out-Funktion, damit Sie in Zukunft von bestimmten Anbietern keine zielgerichteten Cookies mehr erhalten.<\/p>\n<\/div>\n\t\t\t\t<\/div>\n\t\t\t\t<\/div>\n\t\t\t\t\t\t<\/div>\n\t\t\t\t\t<\/div>\n\t\t<\/div>\n\t\t\t\t\t\t\t\t<\/div>\n\t\t\t\t\t<\/div>\n\t\t<\/section>\n\t\t\t\t\t\t<\/div>\n\t\t\t\t\t\t<\/div>\n\t\t\t\t\t<\/div>\n\t\t","protected":false},"excerpt":{"rendered":"<p>LLESEN SIE DIESE COOKIE-ERKL\u00c4RUNG BITTE AUFMERKSAM DURCH, BEVOR SIE MATERIAL, INFORMATIONEN, PRODUKTE ODER DIENSTLEISTUNGEN \u00dcBER DIE WEBSITE EINHOLEN ODER VERWENDEN. Wir behalten uns das Recht vor, diese Cookie-Erkl\u00e4rung oder die auf der Website aufgef\u00fchrten Informationen jederzeit ohne vorherige Mitteilung durch die Ver\u00f6ffentlichung der ge\u00e4nderten Erkl\u00e4rung auf der Website zu \u00e4ndern, zu aktualisieren oder zu korrigieren. [&hellip;]<\/p>\n","protected":false},"author":4,"featured_media":0,"parent":0,"menu_order":0,"comment_status":"closed","ping_status":"closed","template":"","meta":[],"yoast_head":"<!-- This site is optimized with the Yoast SEO plugin v15.5 - https:\/\/yoast.com\/wordpress\/plugins\/seo\/ -->\n<title>cookie statement - Oasis Village<\/title>\n<meta name=\"robots\" content=\"index, follow, max-snippet:-1, max-image-preview:large, max-video-preview:-1\" \/>\n<link rel=\"canonical\" href=\"https:\/\/www.oasis-village.com\/de\/cookie-statement\/\" \/>\n<meta property=\"og:locale\" content=\"de_DE\" \/>\n<meta property=\"og:type\" content=\"article\" \/>\n<meta property=\"og:title\" content=\"cookie statement - Oasis Village\" \/>\n<meta property=\"og:description\" content=\"LLESEN SIE DIESE COOKIE-ERKL\u00c4RUNG BITTE AUFMERKSAM DURCH, BEVOR SIE MATERIAL, INFORMATIONEN, PRODUKTE ODER DIENSTLEISTUNGEN \u00dcBER DIE WEBSITE EINHOLEN ODER VERWENDEN. Wir behalten uns das Recht vor, diese Cookie-Erkl\u00e4rung oder die auf der Website aufgef\u00fchrten Informationen jederzeit ohne vorherige Mitteilung durch die Ver\u00f6ffentlichung der ge\u00e4nderten Erkl\u00e4rung auf der Website zu \u00e4ndern, zu aktualisieren oder zu korrigieren. [&hellip;]\" \/>\n<meta property=\"og:url\" content=\"https:\/\/www.oasis-village.com\/de\/cookie-statement\/\" \/>\n<meta property=\"og:site_name\" content=\"Oasis Village\" \/>\n<meta name=\"twitter:card\" content=\"summary_large_image\" \/>\n<meta name=\"twitter:label1\" content=\"Gesch\u00e4tzte Lesezeit\">\n\t<meta name=\"twitter:data1\" content=\"1\u00a0Minute\">\n<script type=\"application\/ld+json\" class=\"yoast-schema-graph\">{\"@context\":\"https:\/\/schema.org\",\"@graph\":[{\"@type\":\"WebSite\",\"@id\":\"https:\/\/www.oasis-village.com\/#website\",\"url\":\"https:\/\/www.oasis-village.com\/\",\"name\":\"Oasis Village\",\"description\":\"Naturist Resort - Leucate M\\u00e9diterran\\u00e9e\",\"potentialAction\":[{\"@type\":\"SearchAction\",\"target\":\"https:\/\/www.oasis-village.com\/?s={search_term_string}\",\"query-input\":\"required name=search_term_string\"}],\"inLanguage\":\"de\"},{\"@type\":\"WebPage\",\"@id\":\"https:\/\/www.oasis-village.com\/de\/cookie-statement\/#webpage\",\"url\":\"https:\/\/www.oasis-village.com\/de\/cookie-statement\/\",\"name\":\"cookie statement - Oasis Village\",\"isPartOf\":{\"@id\":\"https:\/\/www.oasis-village.com\/#website\"},\"datePublished\":\"2019-05-03T13:06:52+00:00\",\"dateModified\":\"2019-05-03T13:06:52+00:00\",\"inLanguage\":\"de\",\"potentialAction\":[{\"@type\":\"ReadAction\",\"target\":[\"https:\/\/www.oasis-village.com\/de\/cookie-statement\/\"]}]}]}<\/script>\n<!-- \/ Yoast SEO plugin. -->","_links":{"self":[{"href":"https:\/\/www.oasis-village.com\/de\/wp-json\/wp\/v2\/pages\/3344"}],"collection":[{"href":"https:\/\/www.oasis-village.com\/de\/wp-json\/wp\/v2\/pages"}],"about":[{"href":"https:\/\/www.oasis-village.com\/de\/wp-json\/wp\/v2\/types\/page"}],"author":[{"embeddable":true,"href":"https:\/\/www.oasis-village.com\/de\/wp-json\/wp\/v2\/users\/4"}],"replies":[{"embeddable":true,"href":"https:\/\/www.oasis-village.com\/de\/wp-json\/wp\/v2\/comments?post=3344"}],"version-history":[{"count":1,"href":"https:\/\/www.oasis-village.com\/de\/wp-json\/wp\/v2\/pages\/3344\/revisions"}],"predecessor-version":[{"id":3345,"href":"https:\/\/www.oasis-village.com\/de\/wp-json\/wp\/v2\/pages\/3344\/revisions\/3345"}],"wp:attachment":[{"href":"https:\/\/www.oasis-village.com\/de\/wp-json\/wp\/v2\/media?parent=3344"}],"curies":[{"name":"wp","href":"https:\/\/api.w.org\/{rel}","templated":true}]}}